{"id":49,"date":"2022-09-11T09:25:05","date_gmt":"2022-09-11T09:25:05","guid":{"rendered":"http:\/\/equinequilibre.com\/?page_id=49"},"modified":"2022-09-17T10:29:50","modified_gmt":"2022-09-17T10:29:50","slug":"presentation-de-tammy-saddle-fitter","status":"publish","type":"page","link":"https:\/\/equinequilibre.com\/index.php\/presentation-de-tammy-saddle-fitter\/","title":{"rendered":"Pr\u00e9sentation de Tammy, Saddle Fitter"},"content":{"rendered":"\t\t<div data-elementor-type=\"wp-page\" data-elementor-id=\"49\" class=\"elementor elementor-49\">\n\t\t\t\t\t\t<section class=\"elementor-section elementor-top-section elementor-element elementor-element-1d18127 elementor-section-boxed elementor-section-height-default elementor-section-height-default\" data-id=\"1d18127\" data-element_type=\"section\">\n\t\t\t\t\t\t<div class=\"elementor-container elementor-column-gap-default\">\n\t\t\t\t\t<div class=\"elementor-column elementor-col-100 elementor-top-column elementor-element elementor-element-12ae973\" data-id=\"12ae973\" data-element_type=\"column\">\n\t\t\t<div class=\"elementor-widget-wrap elementor-element-populated\">\n\t\t\t\t\t\t<div class=\"elementor-element elementor-element-be1991f elementor-widget elementor-widget-heading\" data-id=\"be1991f\" data-element_type=\"widget\" data-widget_type=\"heading.default\">\n\t\t\t\t<div class=\"elementor-widget-container\">\n\t\t\t\t\t<h2 class=\"elementor-heading-title elementor-size-default\">TAMMY, SADDLE FITTER<\/h2>\t\t\t\t<\/div>\n\t\t\t\t<\/div>\n\t\t\t\t\t<\/div>\n\t\t<\/div>\n\t\t\t\t\t<\/div>\n\t\t<\/section>\n\t\t\t\t<section class=\"elementor-section elementor-top-section elementor-element elementor-element-d80abf5 elementor-section-boxed elementor-section-height-default elementor-section-height-default\" data-id=\"d80abf5\" data-element_type=\"section\">\n\t\t\t\t\t\t<div class=\"elementor-container elementor-column-gap-default\">\n\t\t\t\t\t<div class=\"elementor-column elementor-col-50 elementor-top-column elementor-element elementor-element-0193f78\" data-id=\"0193f78\" data-element_type=\"column\">\n\t\t\t<div class=\"elementor-widget-wrap elementor-element-populated\">\n\t\t\t\t\t\t<div class=\"elementor-element elementor-element-e30776b elementor-widget elementor-widget-text-editor\" data-id=\"e30776b\" data-element_type=\"widget\" data-widget_type=\"text-editor.default\">\n\t\t\t\t<div class=\"elementor-widget-container\">\n\t\t\t\t\t\t\t\t\t<p>La pratique du saddle fitting est ma contribution personnelle \u00e0 l\u2019am\u00e9lioration du bien \u00eatre de vos chevaux. C\u2019est un m\u00e9tier dans lequel il est primordial d\u2019avoir une vision globale des probl\u00e8mes rencontr\u00e9s, d\u2019o\u00f9 l\u2019importance de se former continuellement sur divers sujets concernant le cheval, le cavalier, et bien sur la sellerie.&nbsp;<\/p>\n<p>Membre de l\u2019ASFI (Association des Saddle Fitters Ind\u00e9pendants, nous mettons l\u2019accent sur la formation continue et r\u00e9guli\u00e8re dans le domaine du saddle fitting.<\/p>\n<p>Travaillant en partenariat avec certaines selleries, je suis form\u00e9e sp\u00e9cifiquement \u00e0 leurs diff\u00e9rentes options d\u2019ajustement, pour vous assurer un suivi optimal.&nbsp;<\/p>\t\t\t\t\t\t\t\t<\/div>\n\t\t\t\t<\/div>\n\t\t\t\t\t<\/div>\n\t\t<\/div>\n\t\t\t\t<div class=\"elementor-column elementor-col-50 elementor-top-column elementor-element elementor-element-0cf7260\" data-id=\"0cf7260\" data-element_type=\"column\" data-settings=\"{&quot;background_background&quot;:&quot;classic&quot;}\">\n\t\t\t<div class=\"elementor-widget-wrap elementor-element-populated\">\n\t\t\t\t\t\t<div class=\"elementor-element elementor-element-6dbedb2 elementor-widget elementor-widget-heading\" data-id=\"6dbedb2\" data-element_type=\"widget\" data-widget_type=\"heading.default\">\n\t\t\t\t<div class=\"elementor-widget-container\">\n\t\t\t\t\t<h2 class=\"elementor-heading-title elementor-size-default\">2018-2021<\/h2>\t\t\t\t<\/div>\n\t\t\t\t<\/div>\n\t\t\t\t<div class=\"elementor-element elementor-element-089ba64 elementor-widget elementor-widget-text-editor\" data-id=\"089ba64\" data-element_type=\"widget\" data-widget_type=\"text-editor.default\">\n\t\t\t\t<div class=\"elementor-widget-container\">\n\t\t\t\t\t\t\t\t\t<p>Groom &#8211; Cavali\u00e8re dans diverses \u00e9curies autour du monde: Paraguay, Gr\u00e8ce, Portugal, France, Suisse et Angleterre.<\/p>\t\t\t\t\t\t\t\t<\/div>\n\t\t\t\t<\/div>\n\t\t\t\t<div class=\"elementor-element elementor-element-685633c elementor-widget elementor-widget-heading\" data-id=\"685633c\" data-element_type=\"widget\" data-widget_type=\"heading.default\">\n\t\t\t\t<div class=\"elementor-widget-container\">\n\t\t\t\t\t<h2 class=\"elementor-heading-title elementor-size-default\">2020<\/h2>\t\t\t\t<\/div>\n\t\t\t\t<\/div>\n\t\t\t\t<div class=\"elementor-element elementor-element-aee0864 elementor-widget elementor-widget-text-editor\" data-id=\"aee0864\" data-element_type=\"widget\" data-widget_type=\"text-editor.default\">\n\t\t\t\t<div class=\"elementor-widget-container\">\n\t\t\t\t\t\t\t\t\t<p>Certification EMST (Equine Sports Massage Therapist) en Angleterre aupr\u00e8s d\u2019Equissage Europe\u00a0<\/p>\t\t\t\t\t\t\t\t<\/div>\n\t\t\t\t<\/div>\n\t\t\t\t<div class=\"elementor-element elementor-element-05c59d5 elementor-widget elementor-widget-heading\" data-id=\"05c59d5\" data-element_type=\"widget\" data-widget_type=\"heading.default\">\n\t\t\t\t<div class=\"elementor-widget-container\">\n\t\t\t\t\t<h2 class=\"elementor-heading-title elementor-size-default\">2022<\/h2>\t\t\t\t<\/div>\n\t\t\t\t<\/div>\n\t\t\t\t<div class=\"elementor-element elementor-element-d31e6b7 elementor-widget elementor-widget-text-editor\" data-id=\"d31e6b7\" data-element_type=\"widget\" data-widget_type=\"text-editor.default\">\n\t\t\t\t<div class=\"elementor-widget-container\">\n\t\t\t\t\t\t\t\t\t<p>Obtention du dipl\u00f4me de Saddle Fitter aupr\u00e8s de Glenn Hasker, ancien pr\u00e9sident de la Society of Master Saddlers, apr\u00e8s une formation d\u2019un an.\u00a0<\/p>\t\t\t\t\t\t\t\t<\/div>\n\t\t\t\t<\/div>\n\t\t\t\t<div class=\"elementor-element elementor-element-4b38178 elementor-widget elementor-widget-heading\" data-id=\"4b38178\" data-element_type=\"widget\" data-widget_type=\"heading.default\">\n\t\t\t\t<div class=\"elementor-widget-container\">\n\t\t\t\t\t<h2 class=\"elementor-heading-title elementor-size-default\">2021-2022<\/h2>\t\t\t\t<\/div>\n\t\t\t\t<\/div>\n\t\t\t\t<div class=\"elementor-element elementor-element-61a0e40 elementor-widget elementor-widget-text-editor\" data-id=\"61a0e40\" data-element_type=\"widget\" data-widget_type=\"text-editor.default\">\n\t\t\t\t<div class=\"elementor-widget-container\">\n\t\t\t\t\t\t\t\t\t<p>Formation bien \u00eatre animal EQUICARE aupr\u00e8s d\u2019Herv\u00e9 Baldassari<\/p>\t\t\t\t\t\t\t\t<\/div>\n\t\t\t\t<\/div>\n\t\t\t\t\t<\/div>\n\t\t<\/div>\n\t\t\t\t\t<\/div>\n\t\t<\/section>\n\t\t\t\t<\/div>\n\t\t","protected":false},"excerpt":{"rendered":"<p>TAMMY, SADDLE FITTER La pratique du saddle fitting est ma contribution personnelle \u00e0 l\u2019am\u00e9lioration du bien \u00eatre de vos chevaux. C\u2019est un m\u00e9tier dans lequel il est primordial d\u2019avoir une vision globale des probl\u00e8mes rencontr\u00e9s, d\u2019o\u00f9 l\u2019importance de se former continuellement sur divers sujets concernant le cheval, le cavalier, et bien sur la sellerie.&nbsp; Membre [&hellip;]<\/p>\n","protected":false},"author":1,"featured_media":0,"parent":0,"menu_order":0,"comment_status":"closed","ping_status":"closed","template":"","meta":{"ocean_post_layout":"","ocean_both_sidebars_style":"","ocean_both_sidebars_content_width":0,"ocean_both_sidebars_sidebars_width":0,"ocean_sidebar":"0","ocean_second_sidebar":"0","ocean_disable_margins":"enable","ocean_add_body_class":"","ocean_shortcode_before_top_bar":"","ocean_shortcode_after_top_bar":"","ocean_shortcode_before_header":"","ocean_shortcode_after_header":"","ocean_has_shortcode":"","ocean_shortcode_after_title":"","ocean_shortcode_before_footer_widgets":"","ocean_shortcode_after_footer_widgets":"","ocean_shortcode_before_footer_bottom":"","ocean_shortcode_after_footer_bottom":"","ocean_display_top_bar":"default","ocean_display_header":"default","ocean_header_style":"","ocean_center_header_left_menu":"0","ocean_custom_header_template":"0","ocean_custom_logo":0,"ocean_custom_retina_logo":0,"ocean_custom_logo_max_width":0,"ocean_custom_logo_tablet_max_width":0,"ocean_custom_logo_mobile_max_width":0,"ocean_custom_logo_max_height":0,"ocean_custom_logo_tablet_max_height":0,"ocean_custom_logo_mobile_max_height":0,"ocean_header_custom_menu":"0","ocean_menu_typo_font_family":"0","ocean_menu_typo_font_subset":"","ocean_menu_typo_font_size":0,"ocean_menu_typo_font_size_tablet":0,"ocean_menu_typo_font_size_mobile":0,"ocean_menu_typo_font_size_unit":"px","ocean_menu_typo_font_weight":"","ocean_menu_typo_font_weight_tablet":"","ocean_menu_typo_font_weight_mobile":"","ocean_menu_typo_transform":"","ocean_menu_typo_transform_tablet":"","ocean_menu_typo_transform_mobile":"","ocean_menu_typo_line_height":0,"ocean_menu_typo_line_height_tablet":0,"ocean_menu_typo_line_height_mobile":0,"ocean_menu_typo_line_height_unit":"","ocean_menu_typo_spacing":0,"ocean_menu_typo_spacing_tablet":0,"ocean_menu_typo_spacing_mobile":0,"ocean_menu_typo_spacing_unit":"","ocean_menu_link_color":"","ocean_menu_link_color_hover":"","ocean_menu_link_color_active":"","ocean_menu_link_background":"","ocean_menu_link_hover_background":"","ocean_menu_link_active_background":"","ocean_menu_social_links_bg":"","ocean_menu_social_hover_links_bg":"","ocean_menu_social_links_color":"","ocean_menu_social_hover_links_color":"","ocean_disable_title":"on","ocean_disable_heading":"default","ocean_post_title":"","ocean_post_subheading":"","ocean_post_title_style":"","ocean_post_title_background_color":"","ocean_post_title_background":0,"ocean_post_title_bg_image_position":"","ocean_post_title_bg_image_attachment":"","ocean_post_title_bg_image_repeat":"","ocean_post_title_bg_image_size":"","ocean_post_title_height":0,"ocean_post_title_bg_overlay":0.5,"ocean_post_title_bg_overlay_color":"","ocean_disable_breadcrumbs":"default","ocean_breadcrumbs_color":"","ocean_breadcrumbs_separator_color":"","ocean_breadcrumbs_links_color":"","ocean_breadcrumbs_links_hover_color":"","ocean_display_footer_widgets":"default","ocean_display_footer_bottom":"default","ocean_custom_footer_template":"0","footnotes":""},"yoast_head":"<!-- This site is optimized with the Yoast SEO plugin v22.4 - https:\/\/yoast.com\/wordpress\/plugins\/seo\/ -->\n<title>Pr\u00e9sentation de Tammy, Saddle Fitter - Equin Equilibre Saddle Fitting<\/title>\n<meta name=\"robots\" content=\"index, follow, max-snippet:-1, max-image-preview:large, max-video-preview:-1\" \/>\n<link rel=\"canonical\" href=\"https:\/\/equinequilibre.com\/index.php\/presentation-de-tammy-saddle-fitter\/\" \/>\n<meta property=\"og:locale\" content=\"fr_FR\" \/>\n<meta property=\"og:type\" content=\"article\" \/>\n<meta property=\"og:title\" content=\"Pr\u00e9sentation de Tammy, Saddle Fitter - Equin Equilibre Saddle Fitting\" \/>\n<meta property=\"og:description\" content=\"TAMMY, SADDLE FITTER La pratique du saddle fitting est ma contribution personnelle \u00e0 l\u2019am\u00e9lioration du bien \u00eatre de vos chevaux. C\u2019est un m\u00e9tier dans lequel il est primordial d\u2019avoir une vision globale des probl\u00e8mes rencontr\u00e9s, d\u2019o\u00f9 l\u2019importance de se former continuellement sur divers sujets concernant le cheval, le cavalier, et bien sur la sellerie.&nbsp; Membre [&hellip;]\" \/>\n<meta property=\"og:url\" content=\"https:\/\/equinequilibre.com\/index.php\/presentation-de-tammy-saddle-fitter\/\" \/>\n<meta property=\"og:site_name\" content=\"Equin Equilibre Saddle Fitting\" \/>\n<meta property=\"article:modified_time\" content=\"2022-09-17T10:29:50+00:00\" \/>\n<meta name=\"twitter:card\" content=\"summary_large_image\" \/>\n<meta name=\"twitter:label1\" content=\"Dur\u00e9e de lecture estim\u00e9e\" \/>\n\t<meta name=\"twitter:data1\" content=\"1 minute\" \/>\n<script type=\"application\/ld+json\" class=\"yoast-schema-graph\">{\"@context\":\"https:\/\/schema.org\",\"@graph\":[{\"@type\":\"WebPage\",\"@id\":\"https:\/\/equinequilibre.com\/index.php\/presentation-de-tammy-saddle-fitter\/\",\"url\":\"https:\/\/equinequilibre.com\/index.php\/presentation-de-tammy-saddle-fitter\/\",\"name\":\"Pr\u00e9sentation de Tammy, Saddle Fitter - Equin Equilibre Saddle Fitting\",\"isPartOf\":{\"@id\":\"https:\/\/equinequilibre.com\/#website\"},\"datePublished\":\"2022-09-11T09:25:05+00:00\",\"dateModified\":\"2022-09-17T10:29:50+00:00\",\"breadcrumb\":{\"@id\":\"https:\/\/equinequilibre.com\/index.php\/presentation-de-tammy-saddle-fitter\/#breadcrumb\"},\"inLanguage\":\"fr-FR\",\"potentialAction\":[{\"@type\":\"ReadAction\",\"target\":[\"https:\/\/equinequilibre.com\/index.php\/presentation-de-tammy-saddle-fitter\/\"]}]},{\"@type\":\"BreadcrumbList\",\"@id\":\"https:\/\/equinequilibre.com\/index.php\/presentation-de-tammy-saddle-fitter\/#breadcrumb\",\"itemListElement\":[{\"@type\":\"ListItem\",\"position\":1,\"name\":\"Home\",\"item\":\"https:\/\/equinequilibre.com\/\"},{\"@type\":\"ListItem\",\"position\":2,\"name\":\"Pr\u00e9sentation de Tammy, Saddle Fitter\"}]},{\"@type\":\"WebSite\",\"@id\":\"https:\/\/equinequilibre.com\/#website\",\"url\":\"https:\/\/equinequilibre.com\/\",\"name\":\"Equin Equilibre Saddle Fitting\",\"description\":\"Saddle Fitting en Franche Comt\u00e9\",\"publisher\":{\"@id\":\"https:\/\/equinequilibre.com\/#organization\"},\"potentialAction\":[{\"@type\":\"SearchAction\",\"target\":{\"@type\":\"EntryPoint\",\"urlTemplate\":\"https:\/\/equinequilibre.com\/?s={search_term_string}\"},\"query-input\":\"required name=search_term_string\"}],\"inLanguage\":\"fr-FR\"},{\"@type\":\"Organization\",\"@id\":\"https:\/\/equinequilibre.com\/#organization\",\"name\":\"Equin Equilibre Saddle Fitting\",\"url\":\"https:\/\/equinequilibre.com\/\",\"logo\":{\"@type\":\"ImageObject\",\"inLanguage\":\"fr-FR\",\"@id\":\"https:\/\/equinequilibre.com\/#\/schema\/logo\/image\/\",\"url\":\"https:\/\/equinequilibre.com\/wp-content\/uploads\/2022\/09\/Logo-vert.png\",\"contentUrl\":\"https:\/\/equinequilibre.com\/wp-content\/uploads\/2022\/09\/Logo-vert.png\",\"width\":1906,\"height\":1110,\"caption\":\"Equin Equilibre Saddle Fitting\"},\"image\":{\"@id\":\"https:\/\/equinequilibre.com\/#\/schema\/logo\/image\/\"}}]}<\/script>\n<!-- \/ Yoast SEO plugin. -->","yoast_head_json":{"title":"Pr\u00e9sentation de Tammy, Saddle Fitter - Equin Equilibre Saddle Fitting","robots":{"index":"index","follow":"follow","max-snippet":"max-snippet:-1","max-image-preview":"max-image-preview:large","max-video-preview":"max-video-preview:-1"},"canonical":"https:\/\/equinequilibre.com\/index.php\/presentation-de-tammy-saddle-fitter\/","og_locale":"fr_FR","og_type":"article","og_title":"Pr\u00e9sentation de Tammy, Saddle Fitter - Equin Equilibre Saddle Fitting","og_description":"TAMMY, SADDLE FITTER La pratique du saddle fitting est ma contribution personnelle \u00e0 l\u2019am\u00e9lioration du bien \u00eatre de vos chevaux. C\u2019est un m\u00e9tier dans lequel il est primordial d\u2019avoir une vision globale des probl\u00e8mes rencontr\u00e9s, d\u2019o\u00f9 l\u2019importance de se former continuellement sur divers sujets concernant le cheval, le cavalier, et bien sur la sellerie.&nbsp; Membre [&hellip;]","og_url":"https:\/\/equinequilibre.com\/index.php\/presentation-de-tammy-saddle-fitter\/","og_site_name":"Equin Equilibre Saddle Fitting","article_modified_time":"2022-09-17T10:29:50+00:00","twitter_card":"summary_large_image","twitter_misc":{"Dur\u00e9e de lecture estim\u00e9e":"1 minute"},"schema":{"@context":"https:\/\/schema.org","@graph":[{"@type":"WebPage","@id":"https:\/\/equinequilibre.com\/index.php\/presentation-de-tammy-saddle-fitter\/","url":"https:\/\/equinequilibre.com\/index.php\/presentation-de-tammy-saddle-fitter\/","name":"Pr\u00e9sentation de Tammy, Saddle Fitter - Equin Equilibre Saddle Fitting","isPartOf":{"@id":"https:\/\/equinequilibre.com\/#website"},"datePublished":"2022-09-11T09:25:05+00:00","dateModified":"2022-09-17T10:29:50+00:00","breadcrumb":{"@id":"https:\/\/equinequilibre.com\/index.php\/presentation-de-tammy-saddle-fitter\/#breadcrumb"},"inLanguage":"fr-FR","potentialAction":[{"@type":"ReadAction","target":["https:\/\/equinequilibre.com\/index.php\/presentation-de-tammy-saddle-fitter\/"]}]},{"@type":"BreadcrumbList","@id":"https:\/\/equinequilibre.com\/index.php\/presentation-de-tammy-saddle-fitter\/#breadcrumb","itemListElement":[{"@type":"ListItem","position":1,"name":"Home","item":"https:\/\/equinequilibre.com\/"},{"@type":"ListItem","position":2,"name":"Pr\u00e9sentation de Tammy, Saddle Fitter"}]},{"@type":"WebSite","@id":"https:\/\/equinequilibre.com\/#website","url":"https:\/\/equinequilibre.com\/","name":"Equin Equilibre Saddle Fitting","description":"Saddle Fitting en Franche Comt\u00e9","publisher":{"@id":"https:\/\/equinequilibre.com\/#organization"},"potentialAction":[{"@type":"SearchAction","target":{"@type":"EntryPoint","urlTemplate":"https:\/\/equinequilibre.com\/?s={search_term_string}"},"query-input":"required name=search_term_string"}],"inLanguage":"fr-FR"},{"@type":"Organization","@id":"https:\/\/equinequilibre.com\/#organization","name":"Equin Equilibre Saddle Fitting","url":"https:\/\/equinequilibre.com\/","logo":{"@type":"ImageObject","inLanguage":"fr-FR","@id":"https:\/\/equinequilibre.com\/#\/schema\/logo\/image\/","url":"https:\/\/equinequilibre.com\/wp-content\/uploads\/2022\/09\/Logo-vert.png","contentUrl":"https:\/\/equinequilibre.com\/wp-content\/uploads\/2022\/09\/Logo-vert.png","width":1906,"height":1110,"caption":"Equin Equilibre Saddle Fitting"},"image":{"@id":"https:\/\/equinequilibre.com\/#\/schema\/logo\/image\/"}}]}},"jetpack_sharing_enabled":true,"_links":{"self":[{"href":"https:\/\/equinequilibre.com\/index.php\/wp-json\/wp\/v2\/pages\/49"}],"collection":[{"href":"https:\/\/equinequilibre.com\/index.php\/wp-json\/wp\/v2\/pages"}],"about":[{"href":"https:\/\/equinequilibre.com\/index.php\/wp-json\/wp\/v2\/types\/page"}],"author":[{"embeddable":true,"href":"https:\/\/equinequilibre.com\/index.php\/wp-json\/wp\/v2\/users\/1"}],"replies":[{"embeddable":true,"href":"https:\/\/equinequilibre.com\/index.php\/wp-json\/wp\/v2\/comments?post=49"}],"version-history":[{"count":8,"href":"https:\/\/equinequilibre.com\/index.php\/wp-json\/wp\/v2\/pages\/49\/revisions"}],"predecessor-version":[{"id":336,"href":"https:\/\/equinequilibre.com\/index.php\/wp-json\/wp\/v2\/pages\/49\/revisions\/336"}],"wp:attachment":[{"href":"https:\/\/equinequilibre.com\/index.php\/wp-json\/wp\/v2\/media?parent=49"}],"curies":[{"name":"wp","href":"https:\/\/api.w.org\/{rel}","templated":true}]}}