{"id":50,"date":"2022-09-11T09:23:10","date_gmt":"2022-09-11T09:23:10","guid":{"rendered":"http:\/\/equinequilibre.com\/?page_id=50"},"modified":"2025-07-19T15:54:07","modified_gmt":"2025-07-19T15:54:07","slug":"deroulement-dune-seance-et-services-proposes","status":"publish","type":"page","link":"https:\/\/equinequilibre.com\/index.php\/deroulement-dune-seance-et-services-proposes\/","title":{"rendered":"D\u00e9roulement d\u2019une s\u00e9ance et services propos\u00e9s"},"content":{"rendered":"\t\t<div data-elementor-type=\"wp-page\" data-elementor-id=\"50\" class=\"elementor elementor-50\">\n\t\t\t\t\t\t<section class=\"elementor-section elementor-top-section elementor-element elementor-element-69c9b45 elementor-section-stretched elementor-section-boxed elementor-section-height-default elementor-section-height-default\" data-id=\"69c9b45\" data-element_type=\"section\" data-settings=\"{&quot;stretch_section&quot;:&quot;section-stretched&quot;}\">\n\t\t\t\t\t\t<div class=\"elementor-container elementor-column-gap-default\">\n\t\t\t\t\t<div class=\"elementor-column elementor-col-50 elementor-top-column elementor-element elementor-element-540eb15\" data-id=\"540eb15\" data-element_type=\"column\">\n\t\t\t<div class=\"elementor-widget-wrap elementor-element-populated\">\n\t\t\t\t\t\t<div class=\"elementor-element elementor-element-c8d5f79 elementor-widget elementor-widget-heading\" data-id=\"c8d5f79\" data-element_type=\"widget\" data-widget_type=\"heading.default\">\n\t\t\t\t<div class=\"elementor-widget-container\">\n\t\t\t\t\t<h2 class=\"elementor-heading-title elementor-size-default\">COMMENT SE PASSE UNE S\u00c9ANCE DE SADDLE FITTING?<\/h2>\t\t\t\t<\/div>\n\t\t\t\t<\/div>\n\t\t\t\t<div class=\"elementor-element elementor-element-114d3f6 elementor-widget elementor-widget-text-editor\" data-id=\"114d3f6\" data-element_type=\"widget\" data-widget_type=\"text-editor.default\">\n\t\t\t\t<div class=\"elementor-widget-container\">\n\t\t\t\t\t\t\t\t\t<div class=\"m8h3af8h l7ghb35v kjdc1dyq kmwttqpk gh25dzvf n3t5jt4f\" style=\"font-variant-caps: normal; font-family: Quicksand, sans-serif; font-size: 14px; font-style: normal; caret-color: #000000; color: #000000; text-align: justify;\"><div dir=\"auto\" style=\"font-size: 14px;\"><span style=\"-webkit-text-size-adjust: 100%;\">La dur\u00e9e moyenne d\u2019une s\u00e9ance est d\u2019environ 2h.\u00a0<\/span><\/div><div dir=\"auto\" style=\"font-size: 14px;\"><span style=\"-webkit-text-size-adjust: 100%;\">\u00a0<\/span><\/div><div dir=\"auto\" style=\"font-size: 14px;\"><span style=\"font-size: 14px; -webkit-text-size-adjust: 100%;\">On observe d\u2019abord le cheval, sa sym\u00e9trie, sa morphologie, et on prend des mesures.<\/span><\/div><\/div><div class=\"l7ghb35v kjdc1dyq kmwttqpk gh25dzvf jikcssrz n3t5jt4f\" style=\"font-variant-caps: normal; font-family: Quicksand, sans-serif; font-size: 14px; font-style: normal; caret-color: #000000; color: #000000; text-align: justify;\"><div dir=\"auto\" style=\"font-size: 14px;\">\u00a0 \u00a0 \u00a0Puis, on analyse ensemble votre selle existante, en statique, et en dynamique.\u00a0<\/div><div dir=\"auto\" style=\"font-size: 14px;\">Deux options:<\/div><div dir=\"auto\" style=\"font-size: 14px;\">&#8211; soit votre selle convient parfaitement<\/div><div dir=\"auto\" style=\"font-size: 14px;\">&#8211; dans le cas contraire, on r\u00e9alise les ajustements n\u00e9cessaires, si votre selle le permet, pour l&rsquo;adapter \u00e0 votre cheval, et \u00e0 vous.<\/div><\/div><div class=\"l7ghb35v kjdc1dyq kmwttqpk gh25dzvf jikcssrz n3t5jt4f\" style=\"font-variant-caps: normal; font-family: Quicksand, sans-serif; font-size: 14px; font-style: normal; caret-color: #000000; color: #000000; text-align: justify;\"><div dir=\"auto\" style=\"font-size: 14px;\">\u00a0<\/div><\/div><div class=\"l7ghb35v kjdc1dyq kmwttqpk gh25dzvf jikcssrz n3t5jt4f\" style=\"font-variant-caps: normal; font-family: Quicksand, sans-serif; font-size: 14px; font-style: normal; caret-color: #000000; color: #000000; text-align: justify;\"><div dir=\"auto\" style=\"font-size: 14px;\">Si vous cherchez \u00e0 \u00eatre accompagn\u00e9s dans l&rsquo;achat d&rsquo;une nouvelle selle, plusieurs mod\u00e8les de marques diff\u00e9rentes sont propos\u00e9es \u00e0 l\u2019essai. Des tourn\u00e9es \u00a0de pr\u00e9sentation et d\u2019essai sont r\u00e9guli\u00e8rement propos\u00e9es.<\/div><div dir=\"auto\" style=\"font-size: 14px;\">\u00a0<\/div><div dir=\"auto\" style=\"font-size: 14px;\">Il est recommand\u00e9 de faire une s\u00e9ance de suivi au moins tous les ans pour effectuer les ajustements n\u00e9cessaires \u00e0 l\u2019\u00e9volution de votre materiel en parall\u00e8le avec celle de votre cheval.<\/div><\/div>\t\t\t\t\t\t\t\t<\/div>\n\t\t\t\t<\/div>\n\t\t\t\t\t<\/div>\n\t\t<\/div>\n\t\t\t\t<div class=\"elementor-column elementor-col-50 elementor-top-column elementor-element elementor-element-e5f9c4d\" data-id=\"e5f9c4d\" data-element_type=\"column\">\n\t\t\t<div class=\"elementor-widget-wrap elementor-element-populated\">\n\t\t\t\t\t\t<div class=\"elementor-element elementor-element-7faa5b8 animated-slow elementor-invisible elementor-widget elementor-widget-image\" data-id=\"7faa5b8\" data-element_type=\"widget\" data-settings=\"{&quot;_animation&quot;:&quot;fadeIn&quot;}\" data-widget_type=\"image.default\">\n\t\t\t\t<div class=\"elementor-widget-container\">\n\t\t\t\t\t\t\t\t\t\t\t\t\t\t\t<img fetchpriority=\"high\" decoding=\"async\" width=\"768\" height=\"832\" src=\"https:\/\/equinequilibre.com\/wp-content\/uploads\/2022\/09\/0E651DB5-8F23-44E9-8D07-C47F345FEB40-768x832.jpeg\" class=\"attachment-medium_large size-medium_large wp-image-236\" alt=\"\" srcset=\"https:\/\/equinequilibre.com\/wp-content\/uploads\/2022\/09\/0E651DB5-8F23-44E9-8D07-C47F345FEB40-768x832.jpeg 768w, https:\/\/equinequilibre.com\/wp-content\/uploads\/2022\/09\/0E651DB5-8F23-44E9-8D07-C47F345FEB40-277x300.jpeg 277w, https:\/\/equinequilibre.com\/wp-content\/uploads\/2022\/09\/0E651DB5-8F23-44E9-8D07-C47F345FEB40-945x1024.jpeg 945w, https:\/\/equinequilibre.com\/wp-content\/uploads\/2022\/09\/0E651DB5-8F23-44E9-8D07-C47F345FEB40-1417x1536.jpeg 1417w, https:\/\/equinequilibre.com\/wp-content\/uploads\/2022\/09\/0E651DB5-8F23-44E9-8D07-C47F345FEB40-1890x2048.jpeg 1890w\" sizes=\"(max-width: 768px) 100vw, 768px\" \/>\t\t\t\t\t\t\t\t\t\t\t\t\t\t\t<\/div>\n\t\t\t\t<\/div>\n\t\t\t\t\t<\/div>\n\t\t<\/div>\n\t\t\t\t\t<\/div>\n\t\t<\/section>\n\t\t\t\t<\/div>\n\t\t","protected":false},"excerpt":{"rendered":"<p>COMMENT SE PASSE UNE S\u00c9ANCE DE SADDLE FITTING? La dur\u00e9e moyenne d\u2019une s\u00e9ance est d\u2019environ 2h.\u00a0\u00a0On observe d\u2019abord le cheval, sa sym\u00e9trie, sa morphologie, et on prend des mesures.\u00a0 \u00a0 \u00a0Puis, on analyse ensemble votre selle existante, en statique, et en dynamique.\u00a0Deux options:- soit votre selle convient parfaitement- dans le cas contraire, on r\u00e9alise les [&hellip;]<\/p>\n","protected":false},"author":1,"featured_media":0,"parent":0,"menu_order":0,"comment_status":"closed","ping_status":"closed","template":"","meta":{"ocean_post_layout":"","ocean_both_sidebars_style":"","ocean_both_sidebars_content_width":0,"ocean_both_sidebars_sidebars_width":0,"ocean_sidebar":"0","ocean_second_sidebar":"0","ocean_disable_margins":"enable","ocean_add_body_class":"","ocean_shortcode_before_top_bar":"","ocean_shortcode_after_top_bar":"","ocean_shortcode_before_header":"","ocean_shortcode_after_header":"","ocean_has_shortcode":"","ocean_shortcode_after_title":"","ocean_shortcode_before_footer_widgets":"","ocean_shortcode_after_footer_widgets":"","ocean_shortcode_before_footer_bottom":"","ocean_shortcode_after_footer_bottom":"","ocean_display_top_bar":"default","ocean_display_header":"default","ocean_header_style":"","ocean_center_header_left_menu":"0","ocean_custom_header_template":"0","ocean_custom_logo":0,"ocean_custom_retina_logo":0,"ocean_custom_logo_max_width":0,"ocean_custom_logo_tablet_max_width":0,"ocean_custom_logo_mobile_max_width":0,"ocean_custom_logo_max_height":0,"ocean_custom_logo_tablet_max_height":0,"ocean_custom_logo_mobile_max_height":0,"ocean_header_custom_menu":"0","ocean_menu_typo_font_family":"0","ocean_menu_typo_font_subset":"","ocean_menu_typo_font_size":0,"ocean_menu_typo_font_size_tablet":0,"ocean_menu_typo_font_size_mobile":0,"ocean_menu_typo_font_size_unit":"px","ocean_menu_typo_font_weight":"","ocean_menu_typo_font_weight_tablet":"","ocean_menu_typo_font_weight_mobile":"","ocean_menu_typo_transform":"","ocean_menu_typo_transform_tablet":"","ocean_menu_typo_transform_mobile":"","ocean_menu_typo_line_height":0,"ocean_menu_typo_line_height_tablet":0,"ocean_menu_typo_line_height_mobile":0,"ocean_menu_typo_line_height_unit":"","ocean_menu_typo_spacing":0,"ocean_menu_typo_spacing_tablet":0,"ocean_menu_typo_spacing_mobile":0,"ocean_menu_typo_spacing_unit":"","ocean_menu_link_color":"","ocean_menu_link_color_hover":"","ocean_menu_link_color_active":"","ocean_menu_link_background":"","ocean_menu_link_hover_background":"","ocean_menu_link_active_background":"","ocean_menu_social_links_bg":"","ocean_menu_social_hover_links_bg":"","ocean_menu_social_links_color":"","ocean_menu_social_hover_links_color":"","ocean_disable_title":"on","ocean_disable_heading":"default","ocean_post_title":"","ocean_post_subheading":"","ocean_post_title_style":"","ocean_post_title_background_color":"","ocean_post_title_background":0,"ocean_post_title_bg_image_position":"","ocean_post_title_bg_image_attachment":"","ocean_post_title_bg_image_repeat":"","ocean_post_title_bg_image_size":"","ocean_post_title_height":0,"ocean_post_title_bg_overlay":0.5,"ocean_post_title_bg_overlay_color":"","ocean_disable_breadcrumbs":"default","ocean_breadcrumbs_color":"","ocean_breadcrumbs_separator_color":"","ocean_breadcrumbs_links_color":"","ocean_breadcrumbs_links_hover_color":"","ocean_display_footer_widgets":"default","ocean_display_footer_bottom":"default","ocean_custom_footer_template":"0","footnotes":""},"yoast_head":"<!-- This site is optimized with the Yoast SEO plugin v22.4 - https:\/\/yoast.com\/wordpress\/plugins\/seo\/ -->\n<title>D\u00e9roulement d\u2019une s\u00e9ance et services propos\u00e9s - Equin Equilibre Saddle Fitting<\/title>\n<meta name=\"robots\" content=\"index, follow, max-snippet:-1, max-image-preview:large, max-video-preview:-1\" \/>\n<link rel=\"canonical\" href=\"https:\/\/equinequilibre.com\/index.php\/deroulement-dune-seance-et-services-proposes\/\" \/>\n<meta property=\"og:locale\" content=\"fr_FR\" \/>\n<meta property=\"og:type\" content=\"article\" \/>\n<meta property=\"og:title\" content=\"D\u00e9roulement d\u2019une s\u00e9ance et services propos\u00e9s - Equin Equilibre Saddle Fitting\" \/>\n<meta property=\"og:description\" content=\"COMMENT SE PASSE UNE S\u00c9ANCE DE SADDLE FITTING? La dur\u00e9e moyenne d\u2019une s\u00e9ance est d\u2019environ 2h.\u00a0\u00a0On observe d\u2019abord le cheval, sa sym\u00e9trie, sa morphologie, et on prend des mesures.\u00a0 \u00a0 \u00a0Puis, on analyse ensemble votre selle existante, en statique, et en dynamique.\u00a0Deux options:- soit votre selle convient parfaitement- dans le cas contraire, on r\u00e9alise les [&hellip;]\" \/>\n<meta property=\"og:url\" content=\"https:\/\/equinequilibre.com\/index.php\/deroulement-dune-seance-et-services-proposes\/\" \/>\n<meta property=\"og:site_name\" content=\"Equin Equilibre Saddle Fitting\" \/>\n<meta property=\"article:modified_time\" content=\"2025-07-19T15:54:07+00:00\" \/>\n<meta property=\"og:image\" content=\"http:\/\/equinequilibre.com\/wp-content\/uploads\/2022\/09\/0E651DB5-8F23-44E9-8D07-C47F345FEB40-768x832.jpeg\" \/>\n<meta name=\"twitter:card\" content=\"summary_large_image\" \/>\n<meta name=\"twitter:label1\" content=\"Dur\u00e9e de lecture estim\u00e9e\" \/>\n\t<meta name=\"twitter:data1\" content=\"1 minute\" \/>\n<script type=\"application\/ld+json\" class=\"yoast-schema-graph\">{\"@context\":\"https:\/\/schema.org\",\"@graph\":[{\"@type\":\"WebPage\",\"@id\":\"https:\/\/equinequilibre.com\/index.php\/deroulement-dune-seance-et-services-proposes\/\",\"url\":\"https:\/\/equinequilibre.com\/index.php\/deroulement-dune-seance-et-services-proposes\/\",\"name\":\"D\u00e9roulement d\u2019une s\u00e9ance et services propos\u00e9s - Equin Equilibre Saddle Fitting\",\"isPartOf\":{\"@id\":\"https:\/\/equinequilibre.com\/#website\"},\"primaryImageOfPage\":{\"@id\":\"https:\/\/equinequilibre.com\/index.php\/deroulement-dune-seance-et-services-proposes\/#primaryimage\"},\"image\":{\"@id\":\"https:\/\/equinequilibre.com\/index.php\/deroulement-dune-seance-et-services-proposes\/#primaryimage\"},\"thumbnailUrl\":\"http:\/\/equinequilibre.com\/wp-content\/uploads\/2022\/09\/0E651DB5-8F23-44E9-8D07-C47F345FEB40-768x832.jpeg\",\"datePublished\":\"2022-09-11T09:23:10+00:00\",\"dateModified\":\"2025-07-19T15:54:07+00:00\",\"breadcrumb\":{\"@id\":\"https:\/\/equinequilibre.com\/index.php\/deroulement-dune-seance-et-services-proposes\/#breadcrumb\"},\"inLanguage\":\"fr-FR\",\"potentialAction\":[{\"@type\":\"ReadAction\",\"target\":[\"https:\/\/equinequilibre.com\/index.php\/deroulement-dune-seance-et-services-proposes\/\"]}]},{\"@type\":\"ImageObject\",\"inLanguage\":\"fr-FR\",\"@id\":\"https:\/\/equinequilibre.com\/index.php\/deroulement-dune-seance-et-services-proposes\/#primaryimage\",\"url\":\"http:\/\/equinequilibre.com\/wp-content\/uploads\/2022\/09\/0E651DB5-8F23-44E9-8D07-C47F345FEB40-768x832.jpeg\",\"contentUrl\":\"http:\/\/equinequilibre.com\/wp-content\/uploads\/2022\/09\/0E651DB5-8F23-44E9-8D07-C47F345FEB40-768x832.jpeg\"},{\"@type\":\"BreadcrumbList\",\"@id\":\"https:\/\/equinequilibre.com\/index.php\/deroulement-dune-seance-et-services-proposes\/#breadcrumb\",\"itemListElement\":[{\"@type\":\"ListItem\",\"position\":1,\"name\":\"Home\",\"item\":\"https:\/\/equinequilibre.com\/\"},{\"@type\":\"ListItem\",\"position\":2,\"name\":\"D\u00e9roulement d\u2019une s\u00e9ance et services propos\u00e9s\"}]},{\"@type\":\"WebSite\",\"@id\":\"https:\/\/equinequilibre.com\/#website\",\"url\":\"https:\/\/equinequilibre.com\/\",\"name\":\"Equin Equilibre Saddle Fitting\",\"description\":\"Saddle Fitting en Franche Comt\u00e9\",\"publisher\":{\"@id\":\"https:\/\/equinequilibre.com\/#organization\"},\"potentialAction\":[{\"@type\":\"SearchAction\",\"target\":{\"@type\":\"EntryPoint\",\"urlTemplate\":\"https:\/\/equinequilibre.com\/?s={search_term_string}\"},\"query-input\":\"required name=search_term_string\"}],\"inLanguage\":\"fr-FR\"},{\"@type\":\"Organization\",\"@id\":\"https:\/\/equinequilibre.com\/#organization\",\"name\":\"Equin Equilibre Saddle Fitting\",\"url\":\"https:\/\/equinequilibre.com\/\",\"logo\":{\"@type\":\"ImageObject\",\"inLanguage\":\"fr-FR\",\"@id\":\"https:\/\/equinequilibre.com\/#\/schema\/logo\/image\/\",\"url\":\"https:\/\/equinequilibre.com\/wp-content\/uploads\/2022\/09\/Logo-vert.png\",\"contentUrl\":\"https:\/\/equinequilibre.com\/wp-content\/uploads\/2022\/09\/Logo-vert.png\",\"width\":1906,\"height\":1110,\"caption\":\"Equin Equilibre Saddle Fitting\"},\"image\":{\"@id\":\"https:\/\/equinequilibre.com\/#\/schema\/logo\/image\/\"}}]}<\/script>\n<!-- \/ Yoast SEO plugin. -->","yoast_head_json":{"title":"D\u00e9roulement d\u2019une s\u00e9ance et services propos\u00e9s - Equin Equilibre Saddle Fitting","robots":{"index":"index","follow":"follow","max-snippet":"max-snippet:-1","max-image-preview":"max-image-preview:large","max-video-preview":"max-video-preview:-1"},"canonical":"https:\/\/equinequilibre.com\/index.php\/deroulement-dune-seance-et-services-proposes\/","og_locale":"fr_FR","og_type":"article","og_title":"D\u00e9roulement d\u2019une s\u00e9ance et services propos\u00e9s - Equin Equilibre Saddle Fitting","og_description":"COMMENT SE PASSE UNE S\u00c9ANCE DE SADDLE FITTING? La dur\u00e9e moyenne d\u2019une s\u00e9ance est d\u2019environ 2h.\u00a0\u00a0On observe d\u2019abord le cheval, sa sym\u00e9trie, sa morphologie, et on prend des mesures.\u00a0 \u00a0 \u00a0Puis, on analyse ensemble votre selle existante, en statique, et en dynamique.\u00a0Deux options:- soit votre selle convient parfaitement- dans le cas contraire, on r\u00e9alise les [&hellip;]","og_url":"https:\/\/equinequilibre.com\/index.php\/deroulement-dune-seance-et-services-proposes\/","og_site_name":"Equin Equilibre Saddle Fitting","article_modified_time":"2025-07-19T15:54:07+00:00","og_image":[{"url":"http:\/\/equinequilibre.com\/wp-content\/uploads\/2022\/09\/0E651DB5-8F23-44E9-8D07-C47F345FEB40-768x832.jpeg"}],"twitter_card":"summary_large_image","twitter_misc":{"Dur\u00e9e de lecture estim\u00e9e":"1 minute"},"schema":{"@context":"https:\/\/schema.org","@graph":[{"@type":"WebPage","@id":"https:\/\/equinequilibre.com\/index.php\/deroulement-dune-seance-et-services-proposes\/","url":"https:\/\/equinequilibre.com\/index.php\/deroulement-dune-seance-et-services-proposes\/","name":"D\u00e9roulement d\u2019une s\u00e9ance et services propos\u00e9s - Equin Equilibre Saddle Fitting","isPartOf":{"@id":"https:\/\/equinequilibre.com\/#website"},"primaryImageOfPage":{"@id":"https:\/\/equinequilibre.com\/index.php\/deroulement-dune-seance-et-services-proposes\/#primaryimage"},"image":{"@id":"https:\/\/equinequilibre.com\/index.php\/deroulement-dune-seance-et-services-proposes\/#primaryimage"},"thumbnailUrl":"http:\/\/equinequilibre.com\/wp-content\/uploads\/2022\/09\/0E651DB5-8F23-44E9-8D07-C47F345FEB40-768x832.jpeg","datePublished":"2022-09-11T09:23:10+00:00","dateModified":"2025-07-19T15:54:07+00:00","breadcrumb":{"@id":"https:\/\/equinequilibre.com\/index.php\/deroulement-dune-seance-et-services-proposes\/#breadcrumb"},"inLanguage":"fr-FR","potentialAction":[{"@type":"ReadAction","target":["https:\/\/equinequilibre.com\/index.php\/deroulement-dune-seance-et-services-proposes\/"]}]},{"@type":"ImageObject","inLanguage":"fr-FR","@id":"https:\/\/equinequilibre.com\/index.php\/deroulement-dune-seance-et-services-proposes\/#primaryimage","url":"http:\/\/equinequilibre.com\/wp-content\/uploads\/2022\/09\/0E651DB5-8F23-44E9-8D07-C47F345FEB40-768x832.jpeg","contentUrl":"http:\/\/equinequilibre.com\/wp-content\/uploads\/2022\/09\/0E651DB5-8F23-44E9-8D07-C47F345FEB40-768x832.jpeg"},{"@type":"BreadcrumbList","@id":"https:\/\/equinequilibre.com\/index.php\/deroulement-dune-seance-et-services-proposes\/#breadcrumb","itemListElement":[{"@type":"ListItem","position":1,"name":"Home","item":"https:\/\/equinequilibre.com\/"},{"@type":"ListItem","position":2,"name":"D\u00e9roulement d\u2019une s\u00e9ance et services propos\u00e9s"}]},{"@type":"WebSite","@id":"https:\/\/equinequilibre.com\/#website","url":"https:\/\/equinequilibre.com\/","name":"Equin Equilibre Saddle Fitting","description":"Saddle Fitting en Franche Comt\u00e9","publisher":{"@id":"https:\/\/equinequilibre.com\/#organization"},"potentialAction":[{"@type":"SearchAction","target":{"@type":"EntryPoint","urlTemplate":"https:\/\/equinequilibre.com\/?s={search_term_string}"},"query-input":"required name=search_term_string"}],"inLanguage":"fr-FR"},{"@type":"Organization","@id":"https:\/\/equinequilibre.com\/#organization","name":"Equin Equilibre Saddle Fitting","url":"https:\/\/equinequilibre.com\/","logo":{"@type":"ImageObject","inLanguage":"fr-FR","@id":"https:\/\/equinequilibre.com\/#\/schema\/logo\/image\/","url":"https:\/\/equinequilibre.com\/wp-content\/uploads\/2022\/09\/Logo-vert.png","contentUrl":"https:\/\/equinequilibre.com\/wp-content\/uploads\/2022\/09\/Logo-vert.png","width":1906,"height":1110,"caption":"Equin Equilibre Saddle Fitting"},"image":{"@id":"https:\/\/equinequilibre.com\/#\/schema\/logo\/image\/"}}]}},"jetpack_sharing_enabled":true,"_links":{"self":[{"href":"https:\/\/equinequilibre.com\/index.php\/wp-json\/wp\/v2\/pages\/50"}],"collection":[{"href":"https:\/\/equinequilibre.com\/index.php\/wp-json\/wp\/v2\/pages"}],"about":[{"href":"https:\/\/equinequilibre.com\/index.php\/wp-json\/wp\/v2\/types\/page"}],"author":[{"embeddable":true,"href":"https:\/\/equinequilibre.com\/index.php\/wp-json\/wp\/v2\/users\/1"}],"replies":[{"embeddable":true,"href":"https:\/\/equinequilibre.com\/index.php\/wp-json\/wp\/v2\/comments?post=50"}],"version-history":[{"count":33,"href":"https:\/\/equinequilibre.com\/index.php\/wp-json\/wp\/v2\/pages\/50\/revisions"}],"predecessor-version":[{"id":435,"href":"https:\/\/equinequilibre.com\/index.php\/wp-json\/wp\/v2\/pages\/50\/revisions\/435"}],"wp:attachment":[{"href":"https:\/\/equinequilibre.com\/index.php\/wp-json\/wp\/v2\/media?parent=50"}],"curies":[{"name":"wp","href":"https:\/\/api.w.org\/{rel}","templated":true}]}}